{"id":213,"date":"2018-11-04T13:34:50","date_gmt":"2018-11-04T12:34:50","guid":{"rendered":"http:\/\/www.spielmannszug-chemnitz.de\/wordpress\/?page_id=213"},"modified":"2020-09-30T21:58:05","modified_gmt":"2020-09-30T19:58:05","slug":"anfahrt","status":"publish","type":"page","link":"https:\/\/www.spielmannszug-chemnitz.de\/wordpress\/anfahrt\/","title":{"rendered":"Anfahrt"},"content":{"rendered":"<div align=\"center\">So finden Sie zu uns<\/div>\n<p>&nbsp;<\/p>\n<div align=\"center\">Neefestra\u00dfe 82, 09119 Chemnitz<\/div>\n<div align=\"center\">&#8211; oberste Etage &#8211;<\/div>\n<p><!-- Anfahrt Karte --><\/p>\n<div align=\"center\">\n<div id=\"map\">\n<p><iframe loading=\"lazy\" style=\"border: 1px solid black;\" src=\"https:\/\/www.openstreetmap.org\/export\/embed.html?bbox=12.887134552001953%2C50.81818472051806%2C12.894430160522461%2C50.821953303038775&amp;layer=mapnik&amp;marker=50.82006904979628%2C12.890782356262207\" marginwidth=\"0\" marginheight=\"0\" scrolling=\"no\" width=\"100%\" height=\"350\" frameborder=\"0\">&nbsp;<\/p>\n<p><\/iframe><\/p>\n<p><small><br \/>\n<a href=\"http:\/\/www.openstreetmap.org\/?mlat=50.82007&amp;mlon=12.89078#map=17\/50.82007\/12.89078\" target=\"_blank\" rel=\"noopener noreferrer\"><br \/>\nGroessere Karte anzeigen<\/a><\/small><\/p>\n<p style=\"text-align: left;\">Anfahrt \u00fcber <a href=\"https:\/\/www.google.com\/maps\/place\/1.+Chemnitzer+Spielmannszug+e.+V.\/@50.8201847,12.8884323,17z\/data=!3m1!4b1!4m5!3m4!1s0x47a747d2bfbe05eb:0x1ece0d019d710bbc!8m2!3d50.8201847!4d12.890621\" target=\"_blank\" rel=\"noopener noreferrer\">Google Maps<\/a> planen<\/p>\n<\/div>\n<\/div>\n<hr>\n<p><!-- Anfahrt CVAG --><\/p>\n<div id=\"besonderer_link\">Anfahrt mit <a href=\"https:\/\/www.vms.de\/VMSSL3\/XSLT_TRIP_REQUEST2?&amp;language=de\" target=\"_blank\" rel=\"noopener noreferrer\">Bus und Bahn<\/a> ist <em>gut f\u00fcr die Umwelt<\/em>.<\/div>\n<p><!-- Ende INHALT -- -- -- -- -- -- -- -- -- -- -- -- -- -- --><\/p>\n","protected":false},"excerpt":{"rendered":"<p>So finden Sie zu uns &nbsp; Neefestra\u00dfe 82, 09119 Chemnitz &#8211; oberste Etage &#8211; &nbsp; Groessere Karte anzeigen Anfahrt \u00fcber Google Maps planen Anfahrt mit Bus und Bahn ist gut f\u00fcr die Umwelt.<\/p>\n","protected":false},"author":1,"featured_media":0,"parent":0,"menu_order":0,"comment_status":"closed","ping_status":"closed","template":"","meta":{"ngg_post_thumbnail":0,"footnotes":""},"class_list":["post-213","page","type-page","status-publish","hentry"],"_links":{"self":[{"href":"https:\/\/www.spielmannszug-chemnitz.de\/wordpress\/wp-json\/wp\/v2\/pages\/213","targetHints":{"allow":["GET"]}}],"collection":[{"href":"https:\/\/www.spielmannszug-chemnitz.de\/wordpress\/wp-json\/wp\/v2\/pages"}],"about":[{"href":"https:\/\/www.spielmannszug-chemnitz.de\/wordpress\/wp-json\/wp\/v2\/types\/page"}],"author":[{"embeddable":true,"href":"https:\/\/www.spielmannszug-chemnitz.de\/wordpress\/wp-json\/wp\/v2\/users\/1"}],"replies":[{"embeddable":true,"href":"https:\/\/www.spielmannszug-chemnitz.de\/wordpress\/wp-json\/wp\/v2\/comments?post=213"}],"version-history":[{"count":13,"href":"https:\/\/www.spielmannszug-chemnitz.de\/wordpress\/wp-json\/wp\/v2\/pages\/213\/revisions"}],"predecessor-version":[{"id":1161,"href":"https:\/\/www.spielmannszug-chemnitz.de\/wordpress\/wp-json\/wp\/v2\/pages\/213\/revisions\/1161"}],"wp:attachment":[{"href":"https:\/\/www.spielmannszug-chemnitz.de\/wordpress\/wp-json\/wp\/v2\/media?parent=213"}],"curies":[{"name":"wp","href":"https:\/\/api.w.org\/{rel}","templated":true}]}}