{"id":665,"date":"2018-11-21T18:01:05","date_gmt":"2018-11-21T17:01:05","guid":{"rendered":"http:\/\/www.spielmannszug-chemnitz.de\/wordpress\/?page_id=665"},"modified":"2026-01-06T21:33:06","modified_gmt":"2026-01-06T20:33:06","slug":"in-memoriam","status":"publish","type":"page","link":"https:\/\/www.spielmannszug-chemnitz.de\/wordpress\/historie\/in-memoriam\/","title":{"rendered":"in Memoriam"},"content":{"rendered":"<p style=\"text-align: center;\">Wir nehmen Abschied von<\/p>\n<p style=\"text-align: center;\">Rolf H\u00e4nel<\/p>\n<p style=\"text-align: center;\">geb. 12.02.1937 gest. 11.10.2018<\/p>\n<p style=\"text-align: center;\">Rolf H\u00e4nel pr\u00e4gte den 1. Chemnitzer Spielmannzug e.V. ma\u00dfgeblich durch sein Wirken als Spielmann, \u00dcbungsleiter, Leitungsmitglied und guter Freund.<\/p>\n<p style=\"text-align: center;\">In den 62 Jahren seiner Mitgliedschaft stand f\u00fcr Ihn immer die Spielleutebewegung in Karl-Marx-Stadt und sp\u00e4ter in Chemnitz im Vordergrund. Durch seine Hilfe wurden schwere Zeiten gemeistert und sch\u00f6ne und unvergessliche Momente erst m\u00f6glich gemacht.<\/p>\n<p style=\"text-align: center;\">Durch seine T\u00e4tigkeit als Kampfrichter war Rolf auch au\u00dferhalb von Chemnitz und Sachsen bekannt.<\/p>\n<p style=\"text-align: center;\">Rolf wird immer in unseren Herzen und in unserer Erinnerung bleiben.<\/p>\n<p style=\"text-align: center;\"><img loading=\"lazy\" decoding=\"async\" class=\"aligncenter size-medium wp-image-476\" src=\"http:\/\/www.spielmannszug-chemnitz.de\/wordpress\/wp-content\/uploads\/2018\/11\/Haenel_Rolf-212x300.jpg\" alt=\"\" width=\"212\" height=\"300\" srcset=\"https:\/\/www.spielmannszug-chemnitz.de\/wordpress\/wp-content\/uploads\/2018\/11\/Haenel_Rolf-212x300.jpg 212w, https:\/\/www.spielmannszug-chemnitz.de\/wordpress\/wp-content\/uploads\/2018\/11\/Haenel_Rolf.jpg 372w\" sizes=\"auto, (max-width: 212px) 100vw, 212px\" \/><\/p>\n<hr>\n<p style=\"text-align: center;\">Wir nehmen Abschied von<\/p>\n<p style=\"text-align: center;\">Sonja Lohse<\/p>\n<p style=\"text-align: center;\">geb. 27.08.1937 \u200bgest. 29.10.2025<\/p>\n<p style=\"text-align: center;\">Sonja trat unserem Verein 2003 im Alter von 66 Jahren bei. Auch wenn Sie selbst kein Instrument spielte, so unterst\u00fctzte Sie, angetrieben von der Liebe zur Spielleutemusik, unseren Verein finanziell. Ihre liebherzige, freundliche und lebensbejahende Einstellung werden wir sehr vermissen. Diese Einstellung soll uns ein Vorbild sein und uns anspornen auch in schlechten Zeiten den Mut nie zu verlieren.<\/p>\n<p style=\"text-align: center;\">Sonja wird immer einen Platz in unseren Herzen haben.<\/p>\n<p><img loading=\"lazy\" decoding=\"async\" class=\"size-full wp-image-2588 alignleft\" src=\"https:\/\/www.spielmannszug-chemnitz.de\/wordpress\/wp-content\/uploads\/2026\/01\/0bae41fe-f8fa-4a54-97a8-f58def49d48e.jpeg\" alt=\"\" width=\"212\" height=\"300\"><\/p>\n<p><img loading=\"lazy\" decoding=\"async\" class=\"aligncenter size-full wp-image-2589\" src=\"https:\/\/www.spielmannszug-chemnitz.de\/wordpress\/wp-content\/uploads\/2026\/01\/5be1f766-5e99-45c2-a8e8-4831f5088655.jpeg\" alt=\"\" width=\"212\" height=\"300\"><\/p>\n","protected":false},"excerpt":{"rendered":"<p>Wir nehmen Abschied von Rolf H\u00e4nel geb. 12.02.1937 gest. 11.10.2018 Rolf H\u00e4nel pr\u00e4gte den 1. Chemnitzer Spielmannzug e.V. ma\u00dfgeblich durch sein Wirken als Spielmann, \u00dcbungsleiter, Leitungsmitglied und guter Freund. In den 62 Jahren seiner Mitgliedschaft stand f\u00fcr Ihn immer die Spielleutebewegung in Karl-Marx-Stadt und sp\u00e4ter in Chemnitz im Vordergrund. Durch seine Hilfe wurden schwere Zeiten [&hellip;]<\/p>\n","protected":false},"author":1,"featured_media":0,"parent":156,"menu_order":0,"comment_status":"closed","ping_status":"closed","template":"","meta":{"ngg_post_thumbnail":0,"footnotes":""},"class_list":["post-665","page","type-page","status-publish","hentry"],"_links":{"self":[{"href":"https:\/\/www.spielmannszug-chemnitz.de\/wordpress\/wp-json\/wp\/v2\/pages\/665","targetHints":{"allow":["GET"]}}],"collection":[{"href":"https:\/\/www.spielmannszug-chemnitz.de\/wordpress\/wp-json\/wp\/v2\/pages"}],"about":[{"href":"https:\/\/www.spielmannszug-chemnitz.de\/wordpress\/wp-json\/wp\/v2\/types\/page"}],"author":[{"embeddable":true,"href":"https:\/\/www.spielmannszug-chemnitz.de\/wordpress\/wp-json\/wp\/v2\/users\/1"}],"replies":[{"embeddable":true,"href":"https:\/\/www.spielmannszug-chemnitz.de\/wordpress\/wp-json\/wp\/v2\/comments?post=665"}],"version-history":[{"count":6,"href":"https:\/\/www.spielmannszug-chemnitz.de\/wordpress\/wp-json\/wp\/v2\/pages\/665\/revisions"}],"predecessor-version":[{"id":2587,"href":"https:\/\/www.spielmannszug-chemnitz.de\/wordpress\/wp-json\/wp\/v2\/pages\/665\/revisions\/2587"}],"up":[{"embeddable":true,"href":"https:\/\/www.spielmannszug-chemnitz.de\/wordpress\/wp-json\/wp\/v2\/pages\/156"}],"wp:attachment":[{"href":"https:\/\/www.spielmannszug-chemnitz.de\/wordpress\/wp-json\/wp\/v2\/media?parent=665"}],"curies":[{"name":"wp","href":"https:\/\/api.w.org\/{rel}","templated":true}]}}